{"id":37,"date":"2024-04-03T13:52:10","date_gmt":"2024-04-03T13:52:10","guid":{"rendered":"https:\/\/ciot.dnac.org\/2024\/?page_id=37"},"modified":"2024-10-21T22:39:38","modified_gmt":"2024-10-21T22:39:38","slug":"tpc","status":"publish","type":"page","link":"https:\/\/ciot.dnac.org\/2024\/tpc\/","title":{"rendered":"TPC"},"content":{"rendered":"\n<h2 class=\"wp-block-heading\"><strong><mark style=\"background-color:rgba(0, 0, 0, 0)\" class=\"has-inline-color has-vivid-cyan-blue-color\">CIoT 2024 TPC Members <\/mark><\/strong><\/h2>\n\n\n\n<p><br>Martin Andreoni Lopez, Technology Innovation Institute, United Arab Emirates<br>Adriana Arteaga Arce, Inria, France<br>Marios Avgeris, University of Amsterdam, The Netherlands<br>Joseph Azar ,Universit\u00e9 de Franche-Comt\u00e9 &#8211; UFC, France<br>Biju Baburajan, Longwood University, USA<br>Luis Baptista, Polytechnic of Portalegre &#8211; Portugal, Portugal<br>Jorge Vict\u00f3ria Barbosa, University of Vale do Rio dos Sinos, Brazil<br>Paolo Bellavista, University of Bologna, Italy<br>Eduardo A Bezerra, Federal University of Santa Catarina, Brazil<br>Kouamana Bousson, University of Beira Interior, Portugal<br>Prasad Calyam, University of Missouri-Columbia, USA<br>Marcelo M Carvalho, Texas State University, USA<br>Augusto J. D. Casaca, INESC-ID, Portugal<br>Sotirios Chatzis, Cyprus University of Technology, Cyprus<br>Cristiano A Costa, Universidade Do Vale Do Rio Dos Sinos, Brazil<br>Luis Henrique M. K. Costa, Federal University of Rio de Janeiro, Brazil<br>Paul Crocker, Instituto de Telecomunica\u00e7\u00f5es, Portugal<br>Harsh Daiya ,Paypal, USA<br>Luca Davoli, University of Parma, Italy<br>Udhaya Kumar, Dayalan Trane Technologies, USA<br>Maria Diamanti, National Technical University of Athens, Greece<br>Mostafa M. Fouda, Idaho State University, USA<br>Jaime Gal\u00e1n-Jim\u00e9nez, University of Extremadura, Spain<br>Nuno M. Garcia, Universidade da Beira Interior, Portugal<br>Claudio F. R. Geyer, Federal University of Rio Grande do Sul (UFRGS), Brazil<br>Daniel H. de la Iglesia, University of Salamanca, Spain<br>Manh Tai T Ho, \u00c9cole de technologie sup\u00e9rieure \u00c9TS, Universit\u00e9 du Qu\u00e9bec, Canada<br>Sahar Hoteit, University Paris-SACLAY, France<br>Shaoquan Jiang, University of Windsor, Canada<br>Ved P. Kafle, National Institute of Information and Communications Technology, Japan<br>Nadjia Kara, \u00c9cole de Technologie Sup\u00e9rieure, Canada<br>Gabor Kiss, Obuda University, Hungary<br>Lahlou Laaziz, Ecole de Technologie Superieure, Canada<br>Yu-Chen Lin Feng, Chia University, Taiwan<br>Pascal Lorenz, University of Haute Alsace, France<br>\u00c1lvaro Lozano Murciego, Expert Systems and Applications Lab, Faculty of Science, University of Salamanca, Spain<br>Filippo Malandra, University at Buffalo, USA<br>M\u00f3nica V. Martins, Instituto Polit\u00e9cnico de Portalegre, Portugal<br>Hamid Mcheick, University of Quebec at Chicoutimi, Canada<br>Houssem Eddine Mohamadi, Ecole de Technologie Superieure, Canada<br>Carla Oliveira, Escola Superior de Tecnologia e Gest\u00e3o, Instituto Polit\u00e9cnico de Portalegre, Portugal<br>Lu\u00eds Oliveira IT, UBI and Polytechnic Institute of Tomar, Portugal<br>Savvas Papaioannou, KIOS CoE, University of Cyprus, Cyprus<br>Youngho Park Kyungpook, National University, Korea (South)<br>Abhay Dutt, Paroha SLB, USA<br>Paulo F Pinto, Universidade Nova de Lisboa, Portugal<br>Guy Pujolle, Sorbonne University, France<br>Aisha B Rahman, University of New Mexico, USA<br>Valentim Realinho, Instituto Polit\u00e9cnico de Portalegre, Portugal<br>Jorge S\u00e1 Silva, University of Coimbra, Portugal<br>Ram Chandra, Sachan Wipro, USA<br>Andre Sales Mendes, University of Salamanca, Spain<br>Christian Salim, Junia, France<br>Henning Schulzrinne, Columbia University, USA<br>Md Sadman Siraj, University of New Mexico, USA<br>Eleni G Stai, NTUA, Greece<br>Damien Wohwe Sambo, IMT Nord Europe, France<br>Miki Yamamoto, Kansai University, Japan<br>Adenauer Correa Yamin, Federal University of Pelotas (UFPel), Brazil<br>Hong-Zhang Zhang, Hong Kong University of Science and Technology, Hong Kong<br>Mohamed Faten Zhani, University of Sousse, Tunisia<\/p>\n","protected":false},"excerpt":{"rendered":"<p>CIoT 2024 TPC Members Martin Andreoni &hellip; <a href=\"https:\/\/ciot.dnac.org\/2024\/tpc\/\">Continue reading <span class=\"meta-nav\">&rarr;<\/span><\/a><\/p>\n","protected":false},"author":1,"featured_media":0,"parent":0,"menu_order":0,"comment_status":"closed","ping_status":"closed","template":"","meta":{"footnotes":""},"class_list":["post-37","page","type-page","status-publish","hentry"],"yoast_head":"<!-- This site is optimized with the Yoast SEO plugin v24.2 - https:\/\/yoast.com\/wordpress\/plugins\/seo\/ -->\n<title>TPC - CIoT 2024<\/title>\n<meta name=\"robots\" content=\"index, follow, max-snippet:-1, max-image-preview:large, max-video-preview:-1\" \/>\n<link rel=\"canonical\" href=\"https:\/\/ciot.dnac.org\/2024\/tpc\/\" \/>\n<meta property=\"og:locale\" content=\"en_US\" \/>\n<meta property=\"og:type\" content=\"article\" \/>\n<meta property=\"og:title\" content=\"TPC - CIoT 2024\" \/>\n<meta property=\"og:description\" content=\"CIoT 2024 TPC Members Martin Andreoni &hellip; Continue reading &rarr;\" \/>\n<meta property=\"og:url\" content=\"https:\/\/ciot.dnac.org\/2024\/tpc\/\" \/>\n<meta property=\"og:site_name\" content=\"CIoT 2024\" \/>\n<meta property=\"article:modified_time\" content=\"2024-10-21T22:39:38+00:00\" \/>\n<meta name=\"twitter:card\" content=\"summary_large_image\" \/>\n<meta name=\"twitter:label1\" content=\"Est. reading time\" \/>\n\t<meta name=\"twitter:data1\" content=\"3 minutes\" \/>\n<script type=\"application\/ld+json\" class=\"yoast-schema-graph\">{\"@context\":\"https:\/\/schema.org\",\"@graph\":[{\"@type\":\"WebPage\",\"@id\":\"https:\/\/ciot.dnac.org\/2024\/tpc\/\",\"url\":\"https:\/\/ciot.dnac.org\/2024\/tpc\/\",\"name\":\"TPC - CIoT 2024\",\"isPartOf\":{\"@id\":\"https:\/\/ciot.dnac.org\/2024\/#website\"},\"datePublished\":\"2024-04-03T13:52:10+00:00\",\"dateModified\":\"2024-10-21T22:39:38+00:00\",\"breadcrumb\":{\"@id\":\"https:\/\/ciot.dnac.org\/2024\/tpc\/#breadcrumb\"},\"inLanguage\":\"en-US\",\"potentialAction\":[{\"@type\":\"ReadAction\",\"target\":[\"https:\/\/ciot.dnac.org\/2024\/tpc\/\"]}]},{\"@type\":\"BreadcrumbList\",\"@id\":\"https:\/\/ciot.dnac.org\/2024\/tpc\/#breadcrumb\",\"itemListElement\":[{\"@type\":\"ListItem\",\"position\":1,\"name\":\"Home\",\"item\":\"https:\/\/ciot.dnac.org\/2024\/\"},{\"@type\":\"ListItem\",\"position\":2,\"name\":\"TPC\"}]},{\"@type\":\"WebSite\",\"@id\":\"https:\/\/ciot.dnac.org\/2024\/#website\",\"url\":\"https:\/\/ciot.dnac.org\/2024\/\",\"name\":\"CIoT 2024\",\"description\":\"7th Conference on Cloud and Internet of Things\",\"publisher\":{\"@id\":\"https:\/\/ciot.dnac.org\/2024\/#organization\"},\"potentialAction\":[{\"@type\":\"SearchAction\",\"target\":{\"@type\":\"EntryPoint\",\"urlTemplate\":\"https:\/\/ciot.dnac.org\/2024\/?s={search_term_string}\"},\"query-input\":{\"@type\":\"PropertyValueSpecification\",\"valueRequired\":true,\"valueName\":\"search_term_string\"}}],\"inLanguage\":\"en-US\"},{\"@type\":\"Organization\",\"@id\":\"https:\/\/ciot.dnac.org\/2024\/#organization\",\"name\":\"CIoT 2024\",\"url\":\"https:\/\/ciot.dnac.org\/2024\/\",\"logo\":{\"@type\":\"ImageObject\",\"inLanguage\":\"en-US\",\"@id\":\"https:\/\/ciot.dnac.org\/2024\/#\/schema\/logo\/image\/\",\"url\":\"https:\/\/ciot.dnac.org\/2024\/wp-content\/uploads\/2024\/02\/cropped-ciot2024_logo_square.png\",\"contentUrl\":\"https:\/\/ciot.dnac.org\/2024\/wp-content\/uploads\/2024\/02\/cropped-ciot2024_logo_square.png\",\"width\":240,\"height\":240,\"caption\":\"CIoT 2024\"},\"image\":{\"@id\":\"https:\/\/ciot.dnac.org\/2024\/#\/schema\/logo\/image\/\"}}]}<\/script>\n<!-- \/ Yoast SEO plugin. -->","yoast_head_json":{"title":"TPC - CIoT 2024","robots":{"index":"index","follow":"follow","max-snippet":"max-snippet:-1","max-image-preview":"max-image-preview:large","max-video-preview":"max-video-preview:-1"},"canonical":"https:\/\/ciot.dnac.org\/2024\/tpc\/","og_locale":"en_US","og_type":"article","og_title":"TPC - CIoT 2024","og_description":"CIoT 2024 TPC Members Martin Andreoni &hellip; Continue reading &rarr;","og_url":"https:\/\/ciot.dnac.org\/2024\/tpc\/","og_site_name":"CIoT 2024","article_modified_time":"2024-10-21T22:39:38+00:00","twitter_card":"summary_large_image","twitter_misc":{"Est. reading time":"3 minutes"},"schema":{"@context":"https:\/\/schema.org","@graph":[{"@type":"WebPage","@id":"https:\/\/ciot.dnac.org\/2024\/tpc\/","url":"https:\/\/ciot.dnac.org\/2024\/tpc\/","name":"TPC - CIoT 2024","isPartOf":{"@id":"https:\/\/ciot.dnac.org\/2024\/#website"},"datePublished":"2024-04-03T13:52:10+00:00","dateModified":"2024-10-21T22:39:38+00:00","breadcrumb":{"@id":"https:\/\/ciot.dnac.org\/2024\/tpc\/#breadcrumb"},"inLanguage":"en-US","potentialAction":[{"@type":"ReadAction","target":["https:\/\/ciot.dnac.org\/2024\/tpc\/"]}]},{"@type":"BreadcrumbList","@id":"https:\/\/ciot.dnac.org\/2024\/tpc\/#breadcrumb","itemListElement":[{"@type":"ListItem","position":1,"name":"Home","item":"https:\/\/ciot.dnac.org\/2024\/"},{"@type":"ListItem","position":2,"name":"TPC"}]},{"@type":"WebSite","@id":"https:\/\/ciot.dnac.org\/2024\/#website","url":"https:\/\/ciot.dnac.org\/2024\/","name":"CIoT 2024","description":"7th Conference on Cloud and Internet of Things","publisher":{"@id":"https:\/\/ciot.dnac.org\/2024\/#organization"},"potentialAction":[{"@type":"SearchAction","target":{"@type":"EntryPoint","urlTemplate":"https:\/\/ciot.dnac.org\/2024\/?s={search_term_string}"},"query-input":{"@type":"PropertyValueSpecification","valueRequired":true,"valueName":"search_term_string"}}],"inLanguage":"en-US"},{"@type":"Organization","@id":"https:\/\/ciot.dnac.org\/2024\/#organization","name":"CIoT 2024","url":"https:\/\/ciot.dnac.org\/2024\/","logo":{"@type":"ImageObject","inLanguage":"en-US","@id":"https:\/\/ciot.dnac.org\/2024\/#\/schema\/logo\/image\/","url":"https:\/\/ciot.dnac.org\/2024\/wp-content\/uploads\/2024\/02\/cropped-ciot2024_logo_square.png","contentUrl":"https:\/\/ciot.dnac.org\/2024\/wp-content\/uploads\/2024\/02\/cropped-ciot2024_logo_square.png","width":240,"height":240,"caption":"CIoT 2024"},"image":{"@id":"https:\/\/ciot.dnac.org\/2024\/#\/schema\/logo\/image\/"}}]}},"_links":{"self":[{"href":"https:\/\/ciot.dnac.org\/2024\/wp-json\/wp\/v2\/pages\/37","targetHints":{"allow":["GET"]}}],"collection":[{"href":"https:\/\/ciot.dnac.org\/2024\/wp-json\/wp\/v2\/pages"}],"about":[{"href":"https:\/\/ciot.dnac.org\/2024\/wp-json\/wp\/v2\/types\/page"}],"author":[{"embeddable":true,"href":"https:\/\/ciot.dnac.org\/2024\/wp-json\/wp\/v2\/users\/1"}],"replies":[{"embeddable":true,"href":"https:\/\/ciot.dnac.org\/2024\/wp-json\/wp\/v2\/comments?post=37"}],"version-history":[{"count":7,"href":"https:\/\/ciot.dnac.org\/2024\/wp-json\/wp\/v2\/pages\/37\/revisions"}],"predecessor-version":[{"id":345,"href":"https:\/\/ciot.dnac.org\/2024\/wp-json\/wp\/v2\/pages\/37\/revisions\/345"}],"wp:attachment":[{"href":"https:\/\/ciot.dnac.org\/2024\/wp-json\/wp\/v2\/media?parent=37"}],"curies":[{"name":"wp","href":"https:\/\/api.w.org\/{rel}","templated":true}]}}