{"id":384,"date":"2023-02-04T11:38:50","date_gmt":"2023-02-04T11:38:50","guid":{"rendered":"https:\/\/ciot.dnac.org\/?page_id=384"},"modified":"2023-03-15T09:18:53","modified_gmt":"2023-03-15T09:18:53","slug":"invited-speakers","status":"publish","type":"page","link":"https:\/\/ciot.dnac.org\/2023\/invited-speakers\/","title":{"rendered":"Invited Speakers"},"content":{"rendered":"\n<h2 class=\"wp-block-heading\"><mark style=\"background-color:rgba(0, 0, 0, 0)\" class=\"has-inline-color has-vivid-cyan-blue-color\">CIoT 2023 Invited Speakers<\/mark><\/h2>\n\n\n\n<h4 class=\"wp-block-heading\"><mark style=\"background-color:rgba(0, 0, 0, 0)\" class=\"has-inline-color has-vivid-cyan-blue-color\"><strong>Speaker #1<\/strong><\/mark><\/h4>\n\n\n\n<p><strong>Title:<\/strong> <strong><em>Smart system for Forecasting the Crops adaptation to the risks of climate change for a sustainable development of the agricultural sector.<\/em><\/strong><\/p>\n\n\n\n<div class=\"row listeCommitee\"><div class=\"col-lg-12\"><img decoding=\"async\" src=\"https:\/\/ciot.dnac.org\/2023\/wp-content\/uploads\/2023\/02\/Mostafa-1.png\" class=\"img-rounded imageCommitee\" alt=\"Mostafa Ezziyyani - CIoT 2023\"><p><b>Mostafa Ezziyyani<\/b><br>(Abdelmalek Essa\u00e2di University, Morocco)<\/p><\/div><\/div>\n\n\n\n<p><strong>Bio:<\/strong> <em><strong>Mostafa Ezziyyani, <\/strong>&nbsp;Received the Bachelor\u2019s degree in computer science in 1994, the \u201cGraduate Diploma in Computer Science\u201d degree in 1996 and the first PhD degree in \u201cInformation System Engineering from Mahmmeed V University in Rabat, Morocco. He&nbsp; received the second PhD degree in 2006, From Abdelmalek Essaadi University\u201d in Distributed Systems and Data Technologies. In 2008 he received a Researcher Professor <strong>Ability Degree<\/strong> and since 2017 he holds the position of full professor at Computer Science Department. <\/em><\/p>\n\n\n\n<span><a onclick=\"read_toggle(1959929017, 'Read More', 'Hide'); return false;\" class=\"read-link\" id=\"readlink1959929017\" style=\"readlink\" href=\"#\">Read More<\/a><\/span>\n<div class=\"read_div\" id=\"read1959929017\" style=\"display: none;\"> <em>He is member Mathematics and Applications laboratory (MAL) and responsible of the research direction Data Science and Digital Transformation, he formed a research team that works around this theme and more particularly in the area of integration of heterogeneous systems, Data Science, Artificial Intelligence and decision support systems and new technology for communication.<\/em><\/p>\n\n\n\n<p><em>His research activities focus on the modeling databases and integration of heterogeneous and distributed systems (with the various developments to the big data, data sciences, data analytics, system decision support, knowledge management, object DB, active DB, multi-system agents, distributed systems and mediation). This research is at the crossroads of databases, artificial intelligence, software engineering and programming.<\/em><\/p>\n\n\n\n<p><em>He is president of International Scientific Council of Logistics and Transport (CELT) and of College of Engineering (CoE) and president&nbsp; of Arabic African&nbsp; Foundation on Science and Technology Transfer (A2S2T Foundation). He received the first WSIS prize 2018 for the Category C7: ICT applications: AQ1 E-environment, First prize: MtG\u2014ICC in the regional contest IEEE &#8211; London UK Project: \u201cWorld Talk\u201d, The qualification to the final (Teachers-Researchers Category): Business Plan Challenger 2015, EVARECH UAE Morocco. Project: \u00abIntegrated Sink with Smart Circuit Faucet for water conservation\u00bb, First prize: Intel Business, Challenge Middle East and North Africa\u2014IBC-MENA. Project: \u00abIntelligent Preventive System for the Control and Monitoring in Real Time of Medicinal Plants in the Process of Growth (PCS: Plants Control System)\u00bb, Best Paper: International Conference on Software Engineering and New Technologies. Paper: \u00abDisaster Emergency System Application Case Study: Flood Disaster\u00bb.<\/em><\/p>\n\n\n\n<p><em>He has authored three patents: (1) device and learning process of orchestra conducting (e-Orchestra), (2) built-in washbasin with intelligent circuit tap for water preservation. (LIRCI) (3) Device and method for assisting the driving of vehicles for individuals with hearing loss. He is the editor and coordinator of several projects with Ministry of Higher Education and Scientific Research and others as international project; he has been involved in several collaborative research projects in the context of ERANETMED3\/PRIMA\/H2020\/FP7 framework program including project management activities in the topic modelling of distributed information systems reseed to environment, Health, energy and agriculture. The first project aims to propose an adaptive system for flood evacuation. This system gives the best decisions to be taken in this emergency situation to minimize damages. The second project aims to develop a research dynamic process of the itinerary in an events graph for blind and partially signet users. Moreover, he has been the principal investigator and the project manager for several research projects dealing with several topics concerned with his research interests mentioned above.<\/em><\/p>\n\n\n\n<p><em>He was an invited professor for several countries in the world (USA, UK, France, Spain Belgium, Holland, Romania, China, Algeria, Sudan, Djibouti, Egypt, and Tunisia). He is member of USA-J1 program for TCI Morocco Delegation in 2007. He creates strong collaborations with research centers in databases and telecommunications for students&#8217; exchange: LIP6, Valencia, Poitier, Boston, Houston, China.<\/em><\/p>\n\n\n\n<p><em>He is the author of more than 150 papers which appeared in refereed specialized journals and symposia. He was also the editor of the book \u201cNew Trends in Biomedical Engineering\u201d, AEU Publications, 2004. He was a member of the Organizing and the Scientific Committees of several symposia and conferences dealing with topics related to computer sciences, distributed databases and web technology. He has been actively involved in the research community by serving as reviewer for technical, and as an organizer\/co-organizer of numerous international and national conferences and workshops. In addition, he served as a program committee member for international conferences and workshops.<\/em><\/p>\n\n\n\n<p><em>He is also the founder and the current chair of the blinds and partially signets people association. His activity interests focus mainly on the software to help the blinds and partially signet people to use the ICT, specifically in Arabic countries. He is the founder of the private centre of training and education in advanced technologies AC-ETAT, in Tangier since 2000<\/em>. <\/div>\n\n\n\n<hr class=\"wp-block-separator has-alpha-channel-opacity\"\/>\n\n\n\n<h4 class=\"wp-block-heading\"><mark style=\"background-color:rgba(0, 0, 0, 0)\" class=\"has-inline-color has-vivid-cyan-blue-color\"><strong>Speaker #2<\/strong><\/mark><\/h4>\n\n\n\n<p><strong>Title:<\/strong> <strong>The Intelligent Rooftop Greenhouse as IoT subject<\/strong><\/p>\n\n\n\n<p><\/p>\n\n\n\n<div class=\"row listeCommitee\"><div class=\"col-lg-12\"><img decoding=\"async\" src=\"https:\/\/ciot.dnac.org\/2023\/wp-content\/uploads\/2023\/02\/Marius.png\" class=\"img-rounded imageCommitee\" alt=\"Marius M. Balas - CIoT 2023\"><p><b>Marius M. Balas<\/b><br>(Aurel Vlaicu University of Arad, Romania)<\/p><\/div><\/div>\n\n\n\n<p><\/p>\n\n\n\n<p><strong>Bio:<\/strong> <em><strong>Marius M. Balas, <\/strong>IEEE Senior Member, is a Habilitated Professor at The Engineering Faculty of Aurel Vlaicu University of Arad, Romania. His research topics are in Systems Engineering, Electronic Circuits, Intelligent and Fuzzy Systems, Adaptive Control, Modeling and Simu\u00adlation. He is the author of 16 books and book chapters, 120 indexed papers and 7 invention patents.<\/em><span><a onclick=\"read_toggle(1393921621, 'Read More', 'Hide'); return false;\" class=\"read-link\" id=\"readlink1393921621\" style=\"readlink\" href=\"#\">Read More<\/a><\/span>\n<div class=\"read_div\" id=\"read1393921621\" style=\"display: none;\"><\/p>\n\n\n\n<p><em>His main scientific contributions are the fuzzy-interpolative systems, the passive green\u00adhouses, the intelligent rooftop greenhouses, the constant time to collision traffic optimization, the imposed distance braking, PWM inverter for railway coaches in tropical environments, the rejection of the switching controllers\u2019 instability by phase trajectory analysis, the Fermat neuron, etc.<\/em><\/p>\n\n\n\n<p><em>Keynote speaker in several international conferences, member of numerous scientific and editorial boards, coordinator for research projects and student competitions, co-organizer of the Control Engineering and Industrial Software Branch of the Engineering Faculty of Aurel Vlaicu University.<\/em><\/div> <\/p>\n\n\n\n<p><\/p>\n\n\n\n<hr class=\"wp-block-separator has-alpha-channel-opacity\"\/>\n\n\n\n<h4 class=\"wp-block-heading\"><mark style=\"background-color:rgba(0, 0, 0, 0)\" class=\"has-inline-color has-vivid-cyan-blue-color\"><strong>Speaker #3<\/strong><\/mark><\/h4>\n\n\n\n<p><strong>Title:<\/strong> <strong><em>Green Solutions for SmartCities: Brief Experience and Challenges for the Future<\/em><\/strong><\/p>\n\n\n\n<p><\/p>\n\n\n\n<div class=\"row listeCommitee\"><div class=\"col-lg-12\"><img decoding=\"async\" src=\"https:\/\/ciot.dnac.org\/2023\/wp-content\/uploads\/2023\/02\/Carla.png\" class=\"img-rounded imageCommitee\" alt=\"Carla Sofia Grilo de Oliveira - CIoT 2023\"><p><b>Carla Sofia Grilo de Oliveira<\/b><br>(Polytechnique Institute of Portalegre, Portugal)<\/p><\/div><\/div>\n\n\n\n<p><\/p>\n\n\n\n<p><strong>Bio:<\/strong> <em><strong>Carla Oliveira<\/strong> (IEEE S&#8217;07, D&#8217;13,) was born in Portugal,&nbsp;on&nbsp;May 1979. She received the Ph.D. in Electrical and Computer Engineering from IST (University of Lisbon) in 2013. She is now leading the delivery of Smart Cities solutions for Kyntech&nbsp;Services, and&nbsp;coordinating the Kyntech Innovation Centre at Portalegre. She is also an invited Professor at Instituto&nbsp;Polit\u00e9cnico&nbsp;de Portalegre. During almost 15 years, she acted as senior researcher at INOV-INESC Inova\u00e7\u00e3o, a R&amp;D institution in the field of telecommunications, focusing her work on wireless communications,&nbsp;in the area of&nbsp;antennas and propagation. <\/em><span><a onclick=\"read_toggle(749905486, 'Read More', 'Hide'); return false;\" class=\"read-link\" id=\"readlink749905486\" style=\"readlink\" href=\"#\">Read More<\/a><\/span>\n<div class=\"read_div\" id=\"read749905486\" style=\"display: none;\"><\/p>\n\n\n\n<p><em>She has worked with the technical team of the&nbsp;FAQtos&nbsp;Project, a Portuguese risk communication program on electromagnetic-field monitoring in mobile communications. She has also actively participated in the European Research Actions COSTIC1004, C0ST2100, COST BM0704, COST281 and in the LEXNET and NEWCOM projects. She has authored and co-authored several papers in national and international journals and conferences, as well as book chapters.<\/em><\/div> <\/p>\n\n\n\n<p><\/p>\n\n\n\n<hr class=\"wp-block-separator has-alpha-channel-opacity\"\/>\n\n\n\n<h4 class=\"wp-block-heading\"><mark style=\"background-color:rgba(0, 0, 0, 0)\" class=\"has-inline-color has-vivid-cyan-blue-color\"><strong>Speaker #4<\/strong><\/mark><\/h4>\n\n\n\n<p><strong>Title:<\/strong> <strong>UAV-based Scenario Builder and Physical Testing platform for Autonomous Vehicles<\/strong><\/p>\n\n\n\n<p><\/p>\n\n\n\n<div class=\"row listeCommitee\"><div class=\"col-lg-12\"><img decoding=\"async\" src=\"https:\/\/ciot.dnac.org\/2023\/wp-content\/uploads\/2023\/02\/Dario-1.png\" class=\"img-rounded imageCommitee\" alt=\"D\u00e1rio Pedro - CIoT 2023\"><p><b>D\u00e1rio Pedro<\/b><br>(Nova University of Lisbon, Portugal)<\/p><\/div><\/div>\n\n\n\n<p><\/p>\n\n\n\n<p><strong>Bio:<\/strong> <em><strong>D\u00e1rio Pedro<\/strong> Concluded his MSc in Electrical and Computer Engineering from FCT\/UNL with high merits in 2017, and in 2018. Furthermore, he obtained the PhD the same faculty, focusing on dynamic collision avoidance using Deep Neural Networks. His work is focused on Autonomous Vehicles and Machine Learning, with a high degree of intelligence that is able to adapt to the most unexpected scenarios, having multiple published journals papers. <\/em><span><a onclick=\"read_toggle(1053242230, 'Read More', 'Hide'); return false;\" class=\"read-link\" id=\"readlink1053242230\" style=\"readlink\" href=\"#\">Read More<\/a><\/span>\n<div class=\"read_div\" id=\"read1053242230\" style=\"display: none;\"><\/p>\n\n\n\n<p><em>This work has been applied to several H2020 and P2020 research projects in the past years. Since 2018 he has been a driven force of Beyond Vision innovations and currently is the company\u2019s CEO. In 2021 his PhD won the AIIA Award, being considered the most entrepreneurship and technological work that contributes to the development and competitiveness of the market.<\/em><\/div> <\/p>\n","protected":false},"excerpt":{"rendered":"<p>CIoT 2023 Invited Speakers Speaker #1 &hellip; <a href=\"https:\/\/ciot.dnac.org\/2023\/elika_speaker\/dario-pedro\/\">Continue reading <span class=\"meta-nav\">&rarr;<\/span><\/a><\/p>\n","protected":false},"author":1,"featured_media":0,"parent":0,"menu_order":0,"comment_status":"closed","ping_status":"closed","template":"","meta":{"footnotes":""},"class_list":["post-384","page","type-page","status-publish","hentry"],"yoast_head":"<!-- This site is optimized with the Yoast SEO plugin v20.0 - https:\/\/yoast.com\/wordpress\/plugins\/seo\/ -->\n<title>Invited Speakers - CIoT 2023<\/title>\n<meta name=\"robots\" content=\"index, follow, max-snippet:-1, max-image-preview:large, max-video-preview:-1\" \/>\n<link rel=\"canonical\" href=\"https:\/\/ciot.dnac.org\/2023\/invited-speakers\/\" \/>\n<meta property=\"og:locale\" content=\"en_US\" \/>\n<meta property=\"og:type\" content=\"article\" \/>\n<meta property=\"og:title\" content=\"Invited Speakers - CIoT 2023\" \/>\n<meta property=\"og:description\" content=\"CIoT 2023 Invited Speakers Speaker #1 &hellip; Continue reading &rarr;\" \/>\n<meta property=\"og:url\" content=\"https:\/\/ciot.dnac.org\/2023\/invited-speakers\/\" \/>\n<meta property=\"og:site_name\" content=\"CIoT 2023\" \/>\n<meta property=\"article:modified_time\" content=\"2023-03-15T09:18:53+00:00\" \/>\n<meta name=\"twitter:card\" content=\"summary_large_image\" \/>\n<meta name=\"twitter:site\" content=\"@dnac_conference\" \/>\n<meta name=\"twitter:label1\" content=\"Est. reading time\" \/>\n\t<meta name=\"twitter:data1\" content=\"6 minutes\" \/>\n<script type=\"application\/ld+json\" class=\"yoast-schema-graph\">{\"@context\":\"https:\/\/schema.org\",\"@graph\":[{\"@type\":\"WebPage\",\"@id\":\"https:\/\/ciot.dnac.org\/2023\/invited-speakers\/\",\"url\":\"https:\/\/ciot.dnac.org\/2023\/invited-speakers\/\",\"name\":\"Invited Speakers - CIoT 2023\",\"isPartOf\":{\"@id\":\"https:\/\/ciot.dnac.org\/2023\/#website\"},\"datePublished\":\"2023-02-04T11:38:50+00:00\",\"dateModified\":\"2023-03-15T09:18:53+00:00\",\"breadcrumb\":{\"@id\":\"https:\/\/ciot.dnac.org\/2023\/invited-speakers\/#breadcrumb\"},\"inLanguage\":\"en-US\",\"potentialAction\":[{\"@type\":\"ReadAction\",\"target\":[\"https:\/\/ciot.dnac.org\/2023\/invited-speakers\/\"]}]},{\"@type\":\"BreadcrumbList\",\"@id\":\"https:\/\/ciot.dnac.org\/2023\/invited-speakers\/#breadcrumb\",\"itemListElement\":[{\"@type\":\"ListItem\",\"position\":1,\"name\":\"Home\",\"item\":\"https:\/\/ciot.dnac.org\/2023\/\"},{\"@type\":\"ListItem\",\"position\":2,\"name\":\"Invited Speakers\"}]},{\"@type\":\"WebSite\",\"@id\":\"https:\/\/ciot.dnac.org\/2023\/#website\",\"url\":\"https:\/\/ciot.dnac.org\/2023\/\",\"name\":\"CIoT 2023\",\"description\":\"6th Conference on Cloud and Internet of Things\",\"publisher\":{\"@id\":\"https:\/\/ciot.dnac.org\/2023\/#organization\"},\"potentialAction\":[{\"@type\":\"SearchAction\",\"target\":{\"@type\":\"EntryPoint\",\"urlTemplate\":\"https:\/\/ciot.dnac.org\/2023\/?s={search_term_string}\"},\"query-input\":\"required name=search_term_string\"}],\"inLanguage\":\"en-US\"},{\"@type\":\"Organization\",\"@id\":\"https:\/\/ciot.dnac.org\/2023\/#organization\",\"name\":\"DNAC\",\"url\":\"https:\/\/ciot.dnac.org\/2023\/\",\"logo\":{\"@type\":\"ImageObject\",\"inLanguage\":\"en-US\",\"@id\":\"https:\/\/ciot.dnac.org\/2023\/#\/schema\/logo\/image\/\",\"url\":\"https:\/\/ciot.dnac.org\/wp-content\/uploads\/2022\/06\/Logo_DNAC_Haut_Res-768x303-1.png\",\"contentUrl\":\"https:\/\/ciot.dnac.org\/wp-content\/uploads\/2022\/06\/Logo_DNAC_Haut_Res-768x303-1.png\",\"width\":768,\"height\":303,\"caption\":\"DNAC\"},\"image\":{\"@id\":\"https:\/\/ciot.dnac.org\/2023\/#\/schema\/logo\/image\/\"},\"sameAs\":[\"https:\/\/twitter.com\/dnac_conference\"]}]}<\/script>\n<!-- \/ Yoast SEO plugin. -->","yoast_head_json":{"title":"Invited Speakers - CIoT 2023","robots":{"index":"index","follow":"follow","max-snippet":"max-snippet:-1","max-image-preview":"max-image-preview:large","max-video-preview":"max-video-preview:-1"},"canonical":"https:\/\/ciot.dnac.org\/2023\/invited-speakers\/","og_locale":"en_US","og_type":"article","og_title":"Invited Speakers - CIoT 2023","og_description":"CIoT 2023 Invited Speakers Speaker #1 &hellip; Continue reading &rarr;","og_url":"https:\/\/ciot.dnac.org\/2023\/invited-speakers\/","og_site_name":"CIoT 2023","article_modified_time":"2023-03-15T09:18:53+00:00","twitter_card":"summary_large_image","twitter_site":"@dnac_conference","twitter_misc":{"Est. reading time":"6 minutes"},"schema":{"@context":"https:\/\/schema.org","@graph":[{"@type":"WebPage","@id":"https:\/\/ciot.dnac.org\/2023\/invited-speakers\/","url":"https:\/\/ciot.dnac.org\/2023\/invited-speakers\/","name":"Invited Speakers - CIoT 2023","isPartOf":{"@id":"https:\/\/ciot.dnac.org\/2023\/#website"},"datePublished":"2023-02-04T11:38:50+00:00","dateModified":"2023-03-15T09:18:53+00:00","breadcrumb":{"@id":"https:\/\/ciot.dnac.org\/2023\/invited-speakers\/#breadcrumb"},"inLanguage":"en-US","potentialAction":[{"@type":"ReadAction","target":["https:\/\/ciot.dnac.org\/2023\/invited-speakers\/"]}]},{"@type":"BreadcrumbList","@id":"https:\/\/ciot.dnac.org\/2023\/invited-speakers\/#breadcrumb","itemListElement":[{"@type":"ListItem","position":1,"name":"Home","item":"https:\/\/ciot.dnac.org\/2023\/"},{"@type":"ListItem","position":2,"name":"Invited Speakers"}]},{"@type":"WebSite","@id":"https:\/\/ciot.dnac.org\/2023\/#website","url":"https:\/\/ciot.dnac.org\/2023\/","name":"CIoT 2023","description":"6th Conference on Cloud and Internet of Things","publisher":{"@id":"https:\/\/ciot.dnac.org\/2023\/#organization"},"potentialAction":[{"@type":"SearchAction","target":{"@type":"EntryPoint","urlTemplate":"https:\/\/ciot.dnac.org\/2023\/?s={search_term_string}"},"query-input":"required name=search_term_string"}],"inLanguage":"en-US"},{"@type":"Organization","@id":"https:\/\/ciot.dnac.org\/2023\/#organization","name":"DNAC","url":"https:\/\/ciot.dnac.org\/2023\/","logo":{"@type":"ImageObject","inLanguage":"en-US","@id":"https:\/\/ciot.dnac.org\/2023\/#\/schema\/logo\/image\/","url":"https:\/\/ciot.dnac.org\/wp-content\/uploads\/2022\/06\/Logo_DNAC_Haut_Res-768x303-1.png","contentUrl":"https:\/\/ciot.dnac.org\/wp-content\/uploads\/2022\/06\/Logo_DNAC_Haut_Res-768x303-1.png","width":768,"height":303,"caption":"DNAC"},"image":{"@id":"https:\/\/ciot.dnac.org\/2023\/#\/schema\/logo\/image\/"},"sameAs":["https:\/\/twitter.com\/dnac_conference"]}]}},"_links":{"self":[{"href":"https:\/\/ciot.dnac.org\/2023\/wp-json\/wp\/v2\/pages\/384","targetHints":{"allow":["GET"]}}],"collection":[{"href":"https:\/\/ciot.dnac.org\/2023\/wp-json\/wp\/v2\/pages"}],"about":[{"href":"https:\/\/ciot.dnac.org\/2023\/wp-json\/wp\/v2\/types\/page"}],"author":[{"embeddable":true,"href":"https:\/\/ciot.dnac.org\/2023\/wp-json\/wp\/v2\/users\/1"}],"replies":[{"embeddable":true,"href":"https:\/\/ciot.dnac.org\/2023\/wp-json\/wp\/v2\/comments?post=384"}],"version-history":[{"count":17,"href":"https:\/\/ciot.dnac.org\/2023\/wp-json\/wp\/v2\/pages\/384\/revisions"}],"predecessor-version":[{"id":463,"href":"https:\/\/ciot.dnac.org\/2023\/wp-json\/wp\/v2\/pages\/384\/revisions\/463"}],"wp:attachment":[{"href":"https:\/\/ciot.dnac.org\/2023\/wp-json\/wp\/v2\/media?parent=384"}],"curies":[{"name":"wp","href":"https:\/\/api.w.org\/{rel}","templated":true}]}}