{"id":260,"date":"2022-10-19T12:06:50","date_gmt":"2022-10-19T12:06:50","guid":{"rendered":"https:\/\/ciot.dnac.org\/?page_id=260"},"modified":"2023-03-15T09:21:51","modified_gmt":"2023-03-15T09:21:51","slug":"keynotes","status":"publish","type":"page","link":"https:\/\/ciot.dnac.org\/2023\/keynotes\/","title":{"rendered":"Keynotes"},"content":{"rendered":"\n<h2 class=\"wp-block-heading\"><mark style=\"background-color:rgba(0, 0, 0, 0)\" class=\"has-inline-color has-vivid-cyan-blue-color\">CIoT 2023 Keynotes <\/mark><\/h2>\n\n\n\n<h4 class=\"wp-block-heading\"><mark style=\"background-color:rgba(0, 0, 0, 0)\" class=\"has-inline-color has-vivid-cyan-blue-color\"><strong>Keynote #1<\/strong><\/mark><\/h4>\n\n\n\n<p><strong>Title:<\/strong> <strong>IoT and Cloud on the Road to Autonomy Vehicles<\/strong><\/p>\n\n\n\n<div class=\"row listeCommitee\"><div class=\"col-lg-12\"><img decoding=\"async\" src=\"https:\/\/ciot.dnac.org\/2023\/wp-content\/uploads\/2022\/10\/Susana.png\" class=\"img-rounded imageCommitee\" alt=\"Susana Sargento - CIoT 2023\"><p><b>Susana Sargento<\/b><br>(University of Aveiro, Portugal)<\/p><\/div><\/div>\n\n\n\n<p><\/p>\n\n\n\n<p><strong>Bio: <\/strong><em><strong>Susana Sargento<\/strong> is a Full Professor in the University of Aveiro and a senior researcher in the Institute of Telecommunications, where she is leading the Network Architectures and Protocols group. She was a visiting PhD student in Rice University (2000-2001), and a Guest Faculty in Carnegie Mellon University (2008).<\/em><\/p>\n\n\n\n<p><em>Susana has been leading research projects with telecom operators and OEMs. She has organized several international conferences and workshops, such as ACM MobiCom, IEEE Globecom, and has also been a reviewer of conferences and journals, such as IEEE Networks, IEEE Communications.<\/em><\/p>\n\n\n\n<p><em>Susana has co-founded a vehicular networking company, Veniam (www.veniam.com), she is the winner of the 2016 EU Prize for Women Innovators, and the winner of Femina 2020 prize in Science. She is also the co-coordinator of the national initiative of digital competences in the research axis INCoDe.2030, belongs to the evaluation committee of the Fundo200M (www.200m.pt), and she is one of the Scientific Directors of CMU-Portugal Programme.<\/em><\/p>\n\n\n\n<p><em>Her main research interests, with more than 400 scientific papers, are in the areas of self-organized networks, in ad-hoc and vehicular network mechanisms and protocols, such as routing, mobility, security and delay-tolerant mechanisms, resource management, and content distribution networks. She regularly acts as an Expert for European Research Programmes.<\/em><\/p>\n\n\n\n<hr class=\"wp-block-separator has-alpha-channel-opacity\"\/>\n\n\n\n<p><mark style=\"background-color:rgba(0, 0, 0, 0)\" class=\"has-inline-color has-vivid-cyan-blue-color\"><strong>Keynote #2<\/strong><\/mark><\/p>\n\n\n\n<p><strong>Title:<\/strong> <strong>Enabling Smart Environments through<\/strong> <strong>Internet of Things<\/strong><\/p>\n\n\n\n<p><strong>Abstract:<\/strong> <em>This keynote addresses a hot topic focusing on enabling Smart Environments through Internet of Things, considering their major issues and research perspectives. It starts with the introduction to Internet of Things and their typical application scenarios and their main verticals. Several projects are presented to illustrated different solutions based on an IoT approach. IoT Opportunities to \u201cchange the World\u201d are discussed. The communications ends with new trends and challenges on Internet of Things, suggesting further research topics.<\/em><\/p>\n\n\n\n<div class=\"row listeCommitee\"><div class=\"col-lg-12\"><img decoding=\"async\" src=\"https:\/\/ciot.dnac.org\/2023\/wp-content\/uploads\/2022\/10\/JoelRodrigues.png\" class=\"img-rounded imageCommitee\" alt=\"Joel J. P. C. Rodrigues - CIoT 2023\"><p><b>Joel J. P. C. Rodrigues<\/b><br>(China University of Petroleum, China)<\/p><\/div><\/div>\n\n\n\n<p><\/p>\n\n\n\n<p><strong>Bio: <\/strong><em><strong>Joel J. P. C. Rodrigues<\/strong> [Fellow, IEEE &amp; AAIA] is with the College of Computer Science and Technology, China University of Petroleum, Qingdao, China; Senac Faculty of Cear\u00e1, Brazil; and senior researcher at the Instituto de Telecomunica\u00e7\u00f5es, Portugal. Prof. Rodrigues is an Highly Cited Researcher (Clarivate), N. 1 of the top scientists in computer science in Brazil (Research.com), the leader of the Next Generation Networks and Applications (NetGNA) research group (CNPq), Member Representative of the IEEE Communications Society on the IEEE Biometrics Council, and the President of the scientific council at ParkUrbis \u2013 Covilh\u00e3 Science and Technology Park. He was Director for Conference Development &#8211; IEEE ComSoc Board of Governors, an IEEE Distinguished Lecturer, Technical Activities Committee Chair of the IEEE ComSoc Latin America Region Board, a Past-Chair of the IEEE ComSoc Technical Committee (TC) on eHealth and the TC on Communications Software, a Steering Committee member of the IEEE Life Sciences Technical Community and Publications co-Chair. <\/em><\/p>\n\n\n\n<p><em>He is the editor-in-chief of the International Journal of E-Health and Medical Communications and editorial board member of several high-reputed journals (mainly, from IEEE). He has been general chair and TPC Chair of many international conferences, including IEEE ICC, IEEE GLOBECOM, IEEE HEALTHCOM, and IEEE LatinCom. He has authored or coauthored about 1100 papers in refereed international journals and conferences, 3 books, 2 patents, and 1 ITU-T Recommendation. He had been awarded several Outstanding Leadership and Outstanding Service Awards by IEEE Communications Society and several best papers awards. Prof. Rodrigues is a member of the Internet Society, a senior member ACM, and Fellow of AAIA and IEEE.<\/em><\/p>\n","protected":false},"excerpt":{"rendered":"<p>CIoT 2023 Keynotes Keynote #1 Title: &hellip; <a href=\"https:\/\/ciot.dnac.org\/2023\/elika_speaker\/joel-j-p-c-rodrigues\/\">Continue reading <span class=\"meta-nav\">&rarr;<\/span><\/a><\/p>\n","protected":false},"author":1,"featured_media":0,"parent":0,"menu_order":0,"comment_status":"closed","ping_status":"closed","template":"","meta":{"footnotes":""},"class_list":["post-260","page","type-page","status-publish","hentry"],"yoast_head":"<!-- This site is optimized with the Yoast SEO plugin v20.0 - https:\/\/yoast.com\/wordpress\/plugins\/seo\/ -->\n<title>Keynotes - CIoT 2023<\/title>\n<meta name=\"robots\" content=\"index, follow, max-snippet:-1, max-image-preview:large, max-video-preview:-1\" \/>\n<link rel=\"canonical\" href=\"https:\/\/ciot.dnac.org\/2023\/keynotes\/\" \/>\n<meta property=\"og:locale\" content=\"en_US\" \/>\n<meta property=\"og:type\" content=\"article\" \/>\n<meta property=\"og:title\" content=\"Keynotes - CIoT 2023\" \/>\n<meta property=\"og:description\" content=\"CIoT 2023 Keynotes Keynote #1 Title: &hellip; Continue reading &rarr;\" \/>\n<meta property=\"og:url\" content=\"https:\/\/ciot.dnac.org\/2023\/keynotes\/\" \/>\n<meta property=\"og:site_name\" content=\"CIoT 2023\" \/>\n<meta property=\"article:modified_time\" content=\"2023-03-15T09:21:51+00:00\" \/>\n<meta name=\"twitter:card\" content=\"summary_large_image\" \/>\n<meta name=\"twitter:site\" content=\"@dnac_conference\" \/>\n<meta name=\"twitter:label1\" content=\"Est. reading time\" \/>\n\t<meta name=\"twitter:data1\" content=\"3 minutes\" \/>\n<script type=\"application\/ld+json\" class=\"yoast-schema-graph\">{\"@context\":\"https:\/\/schema.org\",\"@graph\":[{\"@type\":\"WebPage\",\"@id\":\"https:\/\/ciot.dnac.org\/2023\/keynotes\/\",\"url\":\"https:\/\/ciot.dnac.org\/2023\/keynotes\/\",\"name\":\"Keynotes - CIoT 2023\",\"isPartOf\":{\"@id\":\"https:\/\/ciot.dnac.org\/2023\/#website\"},\"datePublished\":\"2022-10-19T12:06:50+00:00\",\"dateModified\":\"2023-03-15T09:21:51+00:00\",\"breadcrumb\":{\"@id\":\"https:\/\/ciot.dnac.org\/2023\/keynotes\/#breadcrumb\"},\"inLanguage\":\"en-US\",\"potentialAction\":[{\"@type\":\"ReadAction\",\"target\":[\"https:\/\/ciot.dnac.org\/2023\/keynotes\/\"]}]},{\"@type\":\"BreadcrumbList\",\"@id\":\"https:\/\/ciot.dnac.org\/2023\/keynotes\/#breadcrumb\",\"itemListElement\":[{\"@type\":\"ListItem\",\"position\":1,\"name\":\"Home\",\"item\":\"https:\/\/ciot.dnac.org\/2023\/\"},{\"@type\":\"ListItem\",\"position\":2,\"name\":\"Keynotes\"}]},{\"@type\":\"WebSite\",\"@id\":\"https:\/\/ciot.dnac.org\/2023\/#website\",\"url\":\"https:\/\/ciot.dnac.org\/2023\/\",\"name\":\"CIoT 2023\",\"description\":\"6th Conference on Cloud and Internet of Things\",\"publisher\":{\"@id\":\"https:\/\/ciot.dnac.org\/2023\/#organization\"},\"potentialAction\":[{\"@type\":\"SearchAction\",\"target\":{\"@type\":\"EntryPoint\",\"urlTemplate\":\"https:\/\/ciot.dnac.org\/2023\/?s={search_term_string}\"},\"query-input\":\"required name=search_term_string\"}],\"inLanguage\":\"en-US\"},{\"@type\":\"Organization\",\"@id\":\"https:\/\/ciot.dnac.org\/2023\/#organization\",\"name\":\"DNAC\",\"url\":\"https:\/\/ciot.dnac.org\/2023\/\",\"logo\":{\"@type\":\"ImageObject\",\"inLanguage\":\"en-US\",\"@id\":\"https:\/\/ciot.dnac.org\/2023\/#\/schema\/logo\/image\/\",\"url\":\"https:\/\/ciot.dnac.org\/wp-content\/uploads\/2022\/06\/Logo_DNAC_Haut_Res-768x303-1.png\",\"contentUrl\":\"https:\/\/ciot.dnac.org\/wp-content\/uploads\/2022\/06\/Logo_DNAC_Haut_Res-768x303-1.png\",\"width\":768,\"height\":303,\"caption\":\"DNAC\"},\"image\":{\"@id\":\"https:\/\/ciot.dnac.org\/2023\/#\/schema\/logo\/image\/\"},\"sameAs\":[\"https:\/\/twitter.com\/dnac_conference\"]}]}<\/script>\n<!-- \/ Yoast SEO plugin. -->","yoast_head_json":{"title":"Keynotes - CIoT 2023","robots":{"index":"index","follow":"follow","max-snippet":"max-snippet:-1","max-image-preview":"max-image-preview:large","max-video-preview":"max-video-preview:-1"},"canonical":"https:\/\/ciot.dnac.org\/2023\/keynotes\/","og_locale":"en_US","og_type":"article","og_title":"Keynotes - CIoT 2023","og_description":"CIoT 2023 Keynotes Keynote #1 Title: &hellip; Continue reading &rarr;","og_url":"https:\/\/ciot.dnac.org\/2023\/keynotes\/","og_site_name":"CIoT 2023","article_modified_time":"2023-03-15T09:21:51+00:00","twitter_card":"summary_large_image","twitter_site":"@dnac_conference","twitter_misc":{"Est. reading time":"3 minutes"},"schema":{"@context":"https:\/\/schema.org","@graph":[{"@type":"WebPage","@id":"https:\/\/ciot.dnac.org\/2023\/keynotes\/","url":"https:\/\/ciot.dnac.org\/2023\/keynotes\/","name":"Keynotes - CIoT 2023","isPartOf":{"@id":"https:\/\/ciot.dnac.org\/2023\/#website"},"datePublished":"2022-10-19T12:06:50+00:00","dateModified":"2023-03-15T09:21:51+00:00","breadcrumb":{"@id":"https:\/\/ciot.dnac.org\/2023\/keynotes\/#breadcrumb"},"inLanguage":"en-US","potentialAction":[{"@type":"ReadAction","target":["https:\/\/ciot.dnac.org\/2023\/keynotes\/"]}]},{"@type":"BreadcrumbList","@id":"https:\/\/ciot.dnac.org\/2023\/keynotes\/#breadcrumb","itemListElement":[{"@type":"ListItem","position":1,"name":"Home","item":"https:\/\/ciot.dnac.org\/2023\/"},{"@type":"ListItem","position":2,"name":"Keynotes"}]},{"@type":"WebSite","@id":"https:\/\/ciot.dnac.org\/2023\/#website","url":"https:\/\/ciot.dnac.org\/2023\/","name":"CIoT 2023","description":"6th Conference on Cloud and Internet of Things","publisher":{"@id":"https:\/\/ciot.dnac.org\/2023\/#organization"},"potentialAction":[{"@type":"SearchAction","target":{"@type":"EntryPoint","urlTemplate":"https:\/\/ciot.dnac.org\/2023\/?s={search_term_string}"},"query-input":"required name=search_term_string"}],"inLanguage":"en-US"},{"@type":"Organization","@id":"https:\/\/ciot.dnac.org\/2023\/#organization","name":"DNAC","url":"https:\/\/ciot.dnac.org\/2023\/","logo":{"@type":"ImageObject","inLanguage":"en-US","@id":"https:\/\/ciot.dnac.org\/2023\/#\/schema\/logo\/image\/","url":"https:\/\/ciot.dnac.org\/wp-content\/uploads\/2022\/06\/Logo_DNAC_Haut_Res-768x303-1.png","contentUrl":"https:\/\/ciot.dnac.org\/wp-content\/uploads\/2022\/06\/Logo_DNAC_Haut_Res-768x303-1.png","width":768,"height":303,"caption":"DNAC"},"image":{"@id":"https:\/\/ciot.dnac.org\/2023\/#\/schema\/logo\/image\/"},"sameAs":["https:\/\/twitter.com\/dnac_conference"]}]}},"_links":{"self":[{"href":"https:\/\/ciot.dnac.org\/2023\/wp-json\/wp\/v2\/pages\/260","targetHints":{"allow":["GET"]}}],"collection":[{"href":"https:\/\/ciot.dnac.org\/2023\/wp-json\/wp\/v2\/pages"}],"about":[{"href":"https:\/\/ciot.dnac.org\/2023\/wp-json\/wp\/v2\/types\/page"}],"author":[{"embeddable":true,"href":"https:\/\/ciot.dnac.org\/2023\/wp-json\/wp\/v2\/users\/1"}],"replies":[{"embeddable":true,"href":"https:\/\/ciot.dnac.org\/2023\/wp-json\/wp\/v2\/comments?post=260"}],"version-history":[{"count":11,"href":"https:\/\/ciot.dnac.org\/2023\/wp-json\/wp\/v2\/pages\/260\/revisions"}],"predecessor-version":[{"id":465,"href":"https:\/\/ciot.dnac.org\/2023\/wp-json\/wp\/v2\/pages\/260\/revisions\/465"}],"wp:attachment":[{"href":"https:\/\/ciot.dnac.org\/2023\/wp-json\/wp\/v2\/media?parent=260"}],"curies":[{"name":"wp","href":"https:\/\/api.w.org\/{rel}","templated":true}]}}